{"id":9572,"date":"2024-12-09T12:35:35","date_gmt":"2024-12-09T12:35:35","guid":{"rendered":"https:\/\/staging-elcangrejoloco2.linkemann.net\/port-olimpic\/?page_id=9572"},"modified":"2024-12-09T12:38:30","modified_gmt":"2024-12-09T12:38:30","slug":"nachhaltigkeit","status":"publish","type":"page","link":"https:\/\/staging-elcangrejoloco.linkemann.net\/port-olimpic\/de\/startseite\/nachhaltigkeit\/","title":{"rendered":"NACHHALTIGKEIT"},"content":{"rendered":"\t\t<div data-elementor-type=\"wp-page\" data-elementor-id=\"9572\" class=\"elementor elementor-9572\">\n\t\t\t\t\t\t<section class=\"elementor-section elementor-top-section elementor-element elementor-element-d1bb1db seccion1 elementor-section-boxed elementor-section-height-default elementor-section-height-default\" data-id=\"d1bb1db\" data-element_type=\"section\" data-e-type=\"section\">\n\t\t\t\t\t\t<div class=\"elementor-container elementor-column-gap-default\">\n\t\t\t\t\t<div class=\"elementor-column elementor-col-100 elementor-top-column elementor-element elementor-element-b5554a8\" data-id=\"b5554a8\" data-element_type=\"column\" data-e-type=\"column\">\n\t\t\t<div class=\"elementor-widget-wrap elementor-element-populated\">\n\t\t\t\t\t\t<div class=\"elementor-element elementor-element-707b3a2 elementor-hidden-desktop elementor-hidden-tablet elementor-widget elementor-widget-spacer\" data-id=\"707b3a2\" data-element_type=\"widget\" data-e-type=\"widget\" data-widget_type=\"spacer.default\">\n\t\t\t\t<div class=\"elementor-widget-container\">\n\t\t\t\t\t\t\t<div class=\"elementor-spacer\">\n\t\t\t<div class=\"elementor-spacer-inner\"><\/div>\n\t\t<\/div>\n\t\t\t\t\t\t<\/div>\n\t\t\t\t<\/div>\n\t\t\t\t\t<\/div>\n\t\t<\/div>\n\t\t\t\t\t<\/div>\n\t\t<\/section>\n\t\t\t\t<section class=\"elementor-section elementor-top-section elementor-element elementor-element-2d69d87 elementor-section-boxed elementor-section-height-default elementor-section-height-default\" data-id=\"2d69d87\" data-element_type=\"section\" data-e-type=\"section\">\n\t\t\t\t\t\t<div class=\"elementor-container elementor-column-gap-default\">\n\t\t\t\t\t<div class=\"elementor-column elementor-col-100 elementor-top-column elementor-element elementor-element-9e732e1\" data-id=\"9e732e1\" data-element_type=\"column\" data-e-type=\"column\">\n\t\t\t<div class=\"elementor-widget-wrap elementor-element-populated\">\n\t\t\t\t\t\t<div class=\"elementor-element elementor-element-2347361 elementor-widget elementor-widget-heading\" data-id=\"2347361\" data-element_type=\"widget\" data-e-type=\"widget\" data-widget_type=\"heading.default\">\n\t\t\t\t<div class=\"elementor-widget-container\">\n\t\t\t\t\t<h1 class=\"elementor-heading-title elementor-size-default\">NACHHALTIGKEIT<\/h1>\t\t\t\t<\/div>\n\t\t\t\t<\/div>\n\t\t\t\t\t<\/div>\n\t\t<\/div>\n\t\t\t\t\t<\/div>\n\t\t<\/section>\n\t\t\t\t<section class=\"elementor-section elementor-top-section elementor-element elementor-element-6fa8503 elementor-hidden-tablet elementor-hidden-mobile elementor-section-boxed elementor-section-height-default elementor-section-height-default\" data-id=\"6fa8503\" data-element_type=\"section\" data-e-type=\"section\">\n\t\t\t\t\t\t<div class=\"elementor-container elementor-column-gap-default\">\n\t\t\t\t\t<div class=\"elementor-column elementor-col-50 elementor-top-column elementor-element elementor-element-507ae03\" data-id=\"507ae03\" data-element_type=\"column\" data-e-type=\"column\">\n\t\t\t<div class=\"elementor-widget-wrap elementor-element-populated\">\n\t\t\t\t\t\t<section class=\"elementor-section elementor-inner-section elementor-element elementor-element-2b1ff6c elementor-section-height-min-height elementor-section-boxed elementor-section-height-default\" data-id=\"2b1ff6c\" data-element_type=\"section\" data-e-type=\"section\" data-settings=\"{&quot;background_background&quot;:&quot;classic&quot;}\">\n\t\t\t\t\t\t<div class=\"elementor-container elementor-column-gap-default\">\n\t\t\t\t\t<div class=\"elementor-column elementor-col-100 elementor-inner-column elementor-element elementor-element-e6f59aa\" data-id=\"e6f59aa\" data-element_type=\"column\" data-e-type=\"column\">\n\t\t\t<div class=\"elementor-widget-wrap\">\n\t\t\t\t\t\t\t<\/div>\n\t\t<\/div>\n\t\t\t\t\t<\/div>\n\t\t<\/section>\n\t\t\t\t<section class=\"elementor-section elementor-inner-section elementor-element elementor-element-8e19cf8 elementor-section-height-min-height elementor-section-boxed elementor-section-height-default\" data-id=\"8e19cf8\" data-element_type=\"section\" data-e-type=\"section\" data-settings=\"{&quot;background_background&quot;:&quot;classic&quot;}\">\n\t\t\t\t\t\t<div class=\"elementor-container elementor-column-gap-default\">\n\t\t\t\t\t<div class=\"elementor-column elementor-col-100 elementor-inner-column elementor-element elementor-element-544653f\" data-id=\"544653f\" data-element_type=\"column\" data-e-type=\"column\">\n\t\t\t<div class=\"elementor-widget-wrap elementor-element-populated\">\n\t\t\t\t\t\t<div class=\"elementor-element elementor-element-982d094 elementor-widget elementor-widget-heading\" data-id=\"982d094\" data-element_type=\"widget\" data-e-type=\"widget\" data-widget_type=\"heading.default\">\n\t\t\t\t<div class=\"elementor-widget-container\">\n\t\t\t\t\t<h2 class=\"elementor-heading-title elementor-size-default\">KONZENTRATION AUF LOKALE UND REGIONALE ANBIETER<\/h2>\t\t\t\t<\/div>\n\t\t\t\t<\/div>\n\t\t\t\t<div class=\"elementor-element elementor-element-c7b2221 elementor-widget elementor-widget-text-editor\" data-id=\"c7b2221\" data-element_type=\"widget\" data-e-type=\"widget\" data-widget_type=\"text-editor.default\">\n\t\t\t\t<div class=\"elementor-widget-container\">\n\t\t\t\t\t\t\t\t\tIm Rahmen des Engagements des Restaurants El Cangrejo Loco f\u00fcr Nachhaltigkeit und Umwelt sind wir stolz darauf, unsere Zusammenarbeit mit lokalen und regionalen Lieferanten hervorzuheben. Wir sind bestrebt, den lokalen Handel zu st\u00e4rken und die Wirtschaft in unserer Region zu f\u00f6rdern.\t\t\t\t\t\t\t\t<\/div>\n\t\t\t\t<\/div>\n\t\t\t\t\t<\/div>\n\t\t<\/div>\n\t\t\t\t\t<\/div>\n\t\t<\/section>\n\t\t\t\t\t<\/div>\n\t\t<\/div>\n\t\t\t\t<div class=\"elementor-column elementor-col-50 elementor-top-column elementor-element elementor-element-d6804df\" data-id=\"d6804df\" data-element_type=\"column\" data-e-type=\"column\">\n\t\t\t<div class=\"elementor-widget-wrap elementor-element-populated\">\n\t\t\t\t\t\t<section class=\"elementor-section elementor-inner-section elementor-element elementor-element-e6dcff1 elementor-section-boxed elementor-section-height-default elementor-section-height-default\" data-id=\"e6dcff1\" data-element_type=\"section\" data-e-type=\"section\">\n\t\t\t\t\t\t<div class=\"elementor-container elementor-column-gap-default\">\n\t\t\t\t\t<div class=\"elementor-column elementor-col-50 elementor-inner-column elementor-element elementor-element-532631b\" data-id=\"532631b\" data-element_type=\"column\" data-e-type=\"column\">\n\t\t\t<div class=\"elementor-widget-wrap elementor-element-populated\">\n\t\t\t\t\t\t<section class=\"elementor-section elementor-inner-section elementor-element elementor-element-84bebf4 elementor-section-boxed elementor-section-height-default elementor-section-height-default\" data-id=\"84bebf4\" data-element_type=\"section\" data-e-type=\"section\">\n\t\t\t\t\t\t<div class=\"elementor-container elementor-column-gap-default\">\n\t\t\t\t\t<div class=\"elementor-column elementor-col-100 elementor-inner-column elementor-element elementor-element-a8a0db3\" data-id=\"a8a0db3\" data-element_type=\"column\" data-e-type=\"column\">\n\t\t\t<div class=\"elementor-widget-wrap elementor-element-populated\">\n\t\t\t\t\t\t<div class=\"elementor-element elementor-element-848f37f elementor-widget elementor-widget-heading\" data-id=\"848f37f\" data-element_type=\"widget\" data-e-type=\"widget\" data-widget_type=\"heading.default\">\n\t\t\t\t<div class=\"elementor-widget-container\">\n\t\t\t\t\t<h2 class=\"elementor-heading-title elementor-size-default\">NACHHALTIGE LANDWIRTSCHAFT UND QUALIT\u00c4T<\/h2>\t\t\t\t<\/div>\n\t\t\t\t<\/div>\n\t\t\t\t<div class=\"elementor-element elementor-element-c5b2749 elementor-widget elementor-widget-text-editor\" data-id=\"c5b2749\" data-element_type=\"widget\" data-e-type=\"widget\" data-widget_type=\"text-editor.default\">\n\t\t\t\t<div class=\"elementor-widget-container\">\n\t\t\t\t\t\t\t\t\tUnsere Priorit\u00e4t ist es, mit Profis zusammenzuarbeiten, die biologisch anbauen und fischen, um so die Qualit\u00e4t unserer Zutaten zu gew\u00e4hrleisten und gleichzeitig der Natur und der Umwelt mit Respekt zu begegnen.\t\t\t\t\t\t\t\t<\/div>\n\t\t\t\t<\/div>\n\t\t\t\t\t<\/div>\n\t\t<\/div>\n\t\t\t\t\t<\/div>\n\t\t<\/section>\n\t\t\t\t<section class=\"elementor-section elementor-inner-section elementor-element elementor-element-b2a562b elementor-section-height-min-height elementor-section-boxed elementor-section-height-default\" data-id=\"b2a562b\" data-element_type=\"section\" data-e-type=\"section\">\n\t\t\t\t\t\t<div class=\"elementor-container elementor-column-gap-default\">\n\t\t\t\t\t<div class=\"elementor-column elementor-col-100 elementor-inner-column elementor-element elementor-element-44a6b76\" data-id=\"44a6b76\" data-element_type=\"column\" data-e-type=\"column\" data-settings=\"{&quot;background_background&quot;:&quot;classic&quot;}\">\n\t\t\t<div class=\"elementor-widget-wrap\">\n\t\t\t\t\t\t\t<\/div>\n\t\t<\/div>\n\t\t\t\t\t<\/div>\n\t\t<\/section>\n\t\t\t\t<section class=\"elementor-section elementor-inner-section elementor-element elementor-element-194bb38 elementor-section-boxed elementor-section-height-default elementor-section-height-default\" data-id=\"194bb38\" data-element_type=\"section\" data-e-type=\"section\">\n\t\t\t\t\t\t<div class=\"elementor-container elementor-column-gap-default\">\n\t\t\t\t\t<div class=\"elementor-column elementor-col-100 elementor-inner-column elementor-element elementor-element-bbf68d2\" data-id=\"bbf68d2\" data-element_type=\"column\" data-e-type=\"column\">\n\t\t\t<div class=\"elementor-widget-wrap elementor-element-populated\">\n\t\t\t\t\t\t<div class=\"elementor-element elementor-element-3864b33 elementor-widget elementor-widget-heading\" data-id=\"3864b33\" data-element_type=\"widget\" data-e-type=\"widget\" data-widget_type=\"heading.default\">\n\t\t\t\t<div class=\"elementor-widget-container\">\n\t\t\t\t\t<h2 class=\"elementor-heading-title elementor-size-default\">UMWELTPFLEGE<\/h2>\t\t\t\t<\/div>\n\t\t\t\t<\/div>\n\t\t\t\t\t<\/div>\n\t\t<\/div>\n\t\t\t\t\t<\/div>\n\t\t<\/section>\n\t\t\t\t\t<\/div>\n\t\t<\/div>\n\t\t\t\t<div class=\"elementor-column elementor-col-50 elementor-inner-column elementor-element elementor-element-ea61e0b\" data-id=\"ea61e0b\" data-element_type=\"column\" data-e-type=\"column\">\n\t\t\t<div class=\"elementor-widget-wrap elementor-element-populated\">\n\t\t\t\t\t\t<section class=\"elementor-section elementor-inner-section elementor-element elementor-element-1108c35 elementor-section-height-min-height elementor-section-boxed elementor-section-height-default\" data-id=\"1108c35\" data-element_type=\"section\" data-e-type=\"section\" data-settings=\"{&quot;background_background&quot;:&quot;classic&quot;}\">\n\t\t\t\t\t\t<div class=\"elementor-container elementor-column-gap-default\">\n\t\t\t\t\t<div class=\"elementor-column elementor-col-100 elementor-inner-column elementor-element elementor-element-5f04cf8\" data-id=\"5f04cf8\" data-element_type=\"column\" data-e-type=\"column\">\n\t\t\t<div class=\"elementor-widget-wrap\">\n\t\t\t\t\t\t\t<\/div>\n\t\t<\/div>\n\t\t\t\t\t<\/div>\n\t\t<\/section>\n\t\t\t\t\t<\/div>\n\t\t<\/div>\n\t\t\t\t\t<\/div>\n\t\t<\/section>\n\t\t\t\t<section class=\"elementor-section elementor-inner-section elementor-element elementor-element-6aeae3d elementor-section-boxed elementor-section-height-default elementor-section-height-default\" data-id=\"6aeae3d\" data-element_type=\"section\" data-e-type=\"section\">\n\t\t\t\t\t\t<div class=\"elementor-container elementor-column-gap-default\">\n\t\t\t\t\t<div class=\"elementor-column elementor-col-100 elementor-inner-column elementor-element elementor-element-9d7c8b9\" data-id=\"9d7c8b9\" data-element_type=\"column\" data-e-type=\"column\">\n\t\t\t<div class=\"elementor-widget-wrap elementor-element-populated\">\n\t\t\t\t\t\t<div class=\"elementor-element elementor-element-c85177f elementor-widget elementor-widget-text-editor\" data-id=\"c85177f\" data-element_type=\"widget\" data-e-type=\"widget\" data-widget_type=\"text-editor.default\">\n\t\t\t\t<div class=\"elementor-widget-container\">\n\t\t\t\t\t\t\t\t\tIn unserem Restaurant nehmen wir die Trennung von organischen Abf\u00e4llen und das Recycling von anderen Gegenst\u00e4nden wie Glas, Plastik und Karton sehr ernst. Wir m\u00f6chten unseren Kunden ein einzigartiges kulinarisches Erlebnis bieten, das mit einem echten Engagement f\u00fcr eine nachhaltigere Zukunft einhergeht.\t\t\t\t\t\t\t\t<\/div>\n\t\t\t\t<\/div>\n\t\t\t\t\t<\/div>\n\t\t<\/div>\n\t\t\t\t\t<\/div>\n\t\t<\/section>\n\t\t\t\t\t<\/div>\n\t\t<\/div>\n\t\t\t\t\t<\/div>\n\t\t<\/section>\n\t\t\t\t<section class=\"elementor-section elementor-top-section elementor-element elementor-element-5bbd757 elementor-section-full_width elementor-hidden-desktop elementor-section-height-default elementor-section-height-default\" data-id=\"5bbd757\" data-element_type=\"section\" data-e-type=\"section\">\n\t\t\t\t\t\t<div class=\"elementor-container elementor-column-gap-default\">\n\t\t\t\t\t<div class=\"elementor-column elementor-col-33 elementor-top-column elementor-element elementor-element-310d3df\" data-id=\"310d3df\" data-element_type=\"column\" data-e-type=\"column\">\n\t\t\t<div class=\"elementor-widget-wrap elementor-element-populated\">\n\t\t\t\t\t\t<section class=\"elementor-section elementor-inner-section elementor-element elementor-element-23fe881 elementor-section-full_width elementor-section-height-default elementor-section-height-default\" data-id=\"23fe881\" data-element_type=\"section\" data-e-type=\"section\">\n\t\t\t\t\t\t<div class=\"elementor-container elementor-column-gap-default\">\n\t\t\t\t\t<div class=\"elementor-column elementor-col-50 elementor-inner-column elementor-element elementor-element-ba1d38e\" data-id=\"ba1d38e\" data-element_type=\"column\" data-e-type=\"column\">\n\t\t\t<div class=\"elementor-widget-wrap elementor-element-populated\">\n\t\t\t\t\t\t<div class=\"elementor-element elementor-element-097faa4 elementor-widget-mobile__width-inherit elementor-widget elementor-widget-image\" data-id=\"097faa4\" data-element_type=\"widget\" data-e-type=\"widget\" data-widget_type=\"image.default\">\n\t\t\t\t<div class=\"elementor-widget-container\">\n\t\t\t\t\t\t\t\t\t\t\t\t\t\t\t<img fetchpriority=\"high\" decoding=\"async\" width=\"900\" height=\"504\" src=\"https:\/\/staging-elcangrejoloco.linkemann.net\/port-olimpic\/wp-content\/uploads\/2024\/12\/sos_barco_hor.jpg\" class=\"attachment-full size-full wp-image-9293\" alt=\"\" srcset=\"https:\/\/staging-elcangrejoloco.linkemann.net\/port-olimpic\/wp-content\/uploads\/2024\/12\/sos_barco_hor.jpg 900w, https:\/\/staging-elcangrejoloco.linkemann.net\/port-olimpic\/wp-content\/uploads\/2024\/12\/sos_barco_hor-300x168.jpg 300w, https:\/\/staging-elcangrejoloco.linkemann.net\/port-olimpic\/wp-content\/uploads\/2024\/12\/sos_barco_hor-768x430.jpg 768w, https:\/\/staging-elcangrejoloco.linkemann.net\/port-olimpic\/wp-content\/uploads\/2024\/12\/sos_barco_hor-200x112.jpg 200w\" sizes=\"(max-width: 900px) 100vw, 900px\" style=\"width:100%;height:56%;max-width:900px\" \/>\t\t\t\t\t\t\t\t\t\t\t\t\t\t\t<\/div>\n\t\t\t\t<\/div>\n\t\t\t\t\t<\/div>\n\t\t<\/div>\n\t\t\t\t<div class=\"elementor-column elementor-col-50 elementor-inner-column elementor-element elementor-element-b89f6d5\" data-id=\"b89f6d5\" data-element_type=\"column\" data-e-type=\"column\">\n\t\t\t<div class=\"elementor-widget-wrap elementor-element-populated\">\n\t\t\t\t\t\t<div class=\"elementor-element elementor-element-600d6da elementor-widget-mobile__width-inherit elementor-widget elementor-widget-heading\" data-id=\"600d6da\" data-element_type=\"widget\" data-e-type=\"widget\" data-widget_type=\"heading.default\">\n\t\t\t\t<div class=\"elementor-widget-container\">\n\t\t\t\t\t<h3 class=\"elementor-heading-title elementor-size-default\">KONZENTRATION AUF LOKALE UND REGIONALE ANBIETER<\/h3>\t\t\t\t<\/div>\n\t\t\t\t<\/div>\n\t\t\t\t<div class=\"elementor-element elementor-element-bf58f24 elementor-widget elementor-widget-text-editor\" data-id=\"bf58f24\" data-element_type=\"widget\" data-e-type=\"widget\" data-widget_type=\"text-editor.default\">\n\t\t\t\t<div class=\"elementor-widget-container\">\n\t\t\t\t\t\t\t\t\tIm Rahmen des Engagements des Restaurants El Cangrejo Loco f\u00fcr Nachhaltigkeit und Umwelt sind wir stolz darauf, unsere Zusammenarbeit mit lokalen und regionalen Lieferanten hervorzuheben. Wir sind bestrebt, den lokalen Handel zu st\u00e4rken und die Wirtschaft in unserer Region zu f\u00f6rdern.\t\t\t\t\t\t\t\t<\/div>\n\t\t\t\t<\/div>\n\t\t\t\t\t<\/div>\n\t\t<\/div>\n\t\t\t\t\t<\/div>\n\t\t<\/section>\n\t\t\t\t\t<\/div>\n\t\t<\/div>\n\t\t\t\t<div class=\"elementor-column elementor-col-33 elementor-top-column elementor-element elementor-element-0c19c6f\" data-id=\"0c19c6f\" data-element_type=\"column\" data-e-type=\"column\">\n\t\t\t<div class=\"elementor-widget-wrap elementor-element-populated\">\n\t\t\t\t\t\t<section class=\"elementor-section elementor-inner-section elementor-element elementor-element-1e3607b elementor-section-full_width elementor-section-height-default elementor-section-height-default\" data-id=\"1e3607b\" data-element_type=\"section\" data-e-type=\"section\">\n\t\t\t\t\t\t<div class=\"elementor-container elementor-column-gap-default\">\n\t\t\t\t\t<div class=\"elementor-column elementor-col-50 elementor-inner-column elementor-element elementor-element-3207817\" data-id=\"3207817\" data-element_type=\"column\" data-e-type=\"column\">\n\t\t\t<div class=\"elementor-widget-wrap elementor-element-populated\">\n\t\t\t\t\t\t<div class=\"elementor-element elementor-element-9f9f230 elementor-widget elementor-widget-image\" data-id=\"9f9f230\" data-element_type=\"widget\" data-e-type=\"widget\" data-widget_type=\"image.default\">\n\t\t\t\t<div class=\"elementor-widget-container\">\n\t\t\t\t\t\t\t\t\t\t\t\t\t\t\t<img decoding=\"async\" width=\"750\" height=\"420\" src=\"https:\/\/staging-elcangrejoloco.linkemann.net\/port-olimpic\/wp-content\/uploads\/2024\/06\/tomate-scaled-1-1024x574.jpg\" class=\"attachment-large size-large wp-image-9033\" alt=\"\" srcset=\"https:\/\/staging-elcangrejoloco.linkemann.net\/port-olimpic\/wp-content\/uploads\/2024\/06\/tomate-scaled-1-1024x574.jpg 1024w, https:\/\/staging-elcangrejoloco.linkemann.net\/port-olimpic\/wp-content\/uploads\/2024\/06\/tomate-scaled-1-300x168.jpg 300w, https:\/\/staging-elcangrejoloco.linkemann.net\/port-olimpic\/wp-content\/uploads\/2024\/06\/tomate-scaled-1-768x431.jpg 768w, https:\/\/staging-elcangrejoloco.linkemann.net\/port-olimpic\/wp-content\/uploads\/2024\/06\/tomate-scaled-1-200x112.jpg 200w, https:\/\/staging-elcangrejoloco.linkemann.net\/port-olimpic\/wp-content\/uploads\/2024\/06\/tomate-scaled-1-1536x861.jpg 1536w, https:\/\/staging-elcangrejoloco.linkemann.net\/port-olimpic\/wp-content\/uploads\/2024\/06\/tomate-scaled-1-2048x1148.jpg 2048w, https:\/\/staging-elcangrejoloco.linkemann.net\/port-olimpic\/wp-content\/uploads\/2024\/06\/tomate-scaled-1-1568x879.jpg 1568w\" sizes=\"(max-width: 750px) 100vw, 750px\" style=\"width:100%;height:56.05%;max-width:2560px\" \/>\t\t\t\t\t\t\t\t\t\t\t\t\t\t\t<\/div>\n\t\t\t\t<\/div>\n\t\t\t\t\t<\/div>\n\t\t<\/div>\n\t\t\t\t<div class=\"elementor-column elementor-col-50 elementor-inner-column elementor-element elementor-element-5ec260d\" data-id=\"5ec260d\" data-element_type=\"column\" data-e-type=\"column\">\n\t\t\t<div class=\"elementor-widget-wrap elementor-element-populated\">\n\t\t\t\t\t\t<div class=\"elementor-element elementor-element-1e9aef1 elementor-widget elementor-widget-heading\" data-id=\"1e9aef1\" data-element_type=\"widget\" data-e-type=\"widget\" data-widget_type=\"heading.default\">\n\t\t\t\t<div class=\"elementor-widget-container\">\n\t\t\t\t\t<h3 class=\"elementor-heading-title elementor-size-default\">NACHHALTIGE LANDWIRTSCHAFT UND QUALIT\u00c4T<\/h3>\t\t\t\t<\/div>\n\t\t\t\t<\/div>\n\t\t\t\t<div class=\"elementor-element elementor-element-2502674 elementor-widget elementor-widget-text-editor\" data-id=\"2502674\" data-element_type=\"widget\" data-e-type=\"widget\" data-widget_type=\"text-editor.default\">\n\t\t\t\t<div class=\"elementor-widget-container\">\n\t\t\t\t\t\t\t\t\tUnsere Priorit\u00e4t ist es, mit Profis zusammenzuarbeiten, die biologisch anbauen und fischen, um so die Qualit\u00e4t unserer Zutaten zu gew\u00e4hrleisten und gleichzeitig der Natur und der Umwelt mit Respekt zu begegnen.\t\t\t\t\t\t\t\t<\/div>\n\t\t\t\t<\/div>\n\t\t\t\t\t<\/div>\n\t\t<\/div>\n\t\t\t\t\t<\/div>\n\t\t<\/section>\n\t\t\t\t\t<\/div>\n\t\t<\/div>\n\t\t\t\t<div class=\"elementor-column elementor-col-33 elementor-top-column elementor-element elementor-element-af9e7d0\" data-id=\"af9e7d0\" data-element_type=\"column\" data-e-type=\"column\">\n\t\t\t<div class=\"elementor-widget-wrap elementor-element-populated\">\n\t\t\t\t\t\t<section class=\"elementor-section elementor-inner-section elementor-element elementor-element-8ef1417 elementor-section-full_width elementor-section-height-default elementor-section-height-default\" data-id=\"8ef1417\" data-element_type=\"section\" data-e-type=\"section\">\n\t\t\t\t\t\t<div class=\"elementor-container elementor-column-gap-default\">\n\t\t\t\t\t<div class=\"elementor-column elementor-col-50 elementor-inner-column elementor-element elementor-element-0d1cff3\" data-id=\"0d1cff3\" data-element_type=\"column\" data-e-type=\"column\">\n\t\t\t<div class=\"elementor-widget-wrap elementor-element-populated\">\n\t\t\t\t\t\t<div class=\"elementor-element elementor-element-e673d68 elementor-widget elementor-widget-image\" data-id=\"e673d68\" data-element_type=\"widget\" data-e-type=\"widget\" data-widget_type=\"image.default\">\n\t\t\t\t<div class=\"elementor-widget-container\">\n\t\t\t\t\t\t\t\t\t\t\t\t\t\t\t<img decoding=\"async\" width=\"2560\" height=\"1435\" src=\"https:\/\/staging-elcangrejoloco.linkemann.net\/port-olimpic\/wp-content\/uploads\/2024\/06\/playa-scaled-1.jpg\" class=\"attachment-full size-full wp-image-9034\" alt=\"\" srcset=\"https:\/\/staging-elcangrejoloco.linkemann.net\/port-olimpic\/wp-content\/uploads\/2024\/06\/playa-scaled-1.jpg 2560w, https:\/\/staging-elcangrejoloco.linkemann.net\/port-olimpic\/wp-content\/uploads\/2024\/06\/playa-scaled-1-300x168.jpg 300w, https:\/\/staging-elcangrejoloco.linkemann.net\/port-olimpic\/wp-content\/uploads\/2024\/06\/playa-scaled-1-1024x574.jpg 1024w, https:\/\/staging-elcangrejoloco.linkemann.net\/port-olimpic\/wp-content\/uploads\/2024\/06\/playa-scaled-1-768x431.jpg 768w, https:\/\/staging-elcangrejoloco.linkemann.net\/port-olimpic\/wp-content\/uploads\/2024\/06\/playa-scaled-1-200x112.jpg 200w, https:\/\/staging-elcangrejoloco.linkemann.net\/port-olimpic\/wp-content\/uploads\/2024\/06\/playa-scaled-1-1536x861.jpg 1536w, https:\/\/staging-elcangrejoloco.linkemann.net\/port-olimpic\/wp-content\/uploads\/2024\/06\/playa-scaled-1-2048x1148.jpg 2048w, https:\/\/staging-elcangrejoloco.linkemann.net\/port-olimpic\/wp-content\/uploads\/2024\/06\/playa-scaled-1-1568x879.jpg 1568w\" sizes=\"(max-width: 2560px) 100vw, 2560px\" style=\"width:100%;height:56.05%;max-width:2560px\" \/>\t\t\t\t\t\t\t\t\t\t\t\t\t\t\t<\/div>\n\t\t\t\t<\/div>\n\t\t\t\t\t<\/div>\n\t\t<\/div>\n\t\t\t\t<div class=\"elementor-column elementor-col-50 elementor-inner-column elementor-element elementor-element-45d6fd5\" data-id=\"45d6fd5\" data-element_type=\"column\" data-e-type=\"column\">\n\t\t\t<div class=\"elementor-widget-wrap elementor-element-populated\">\n\t\t\t\t\t\t<div class=\"elementor-element elementor-element-e0cf535 elementor-widget elementor-widget-heading\" data-id=\"e0cf535\" data-element_type=\"widget\" data-e-type=\"widget\" data-widget_type=\"heading.default\">\n\t\t\t\t<div class=\"elementor-widget-container\">\n\t\t\t\t\t<h3 class=\"elementor-heading-title elementor-size-default\">UMWELTPFLEGE<\/h3>\t\t\t\t<\/div>\n\t\t\t\t<\/div>\n\t\t\t\t<div class=\"elementor-element elementor-element-9ad8713 elementor-widget elementor-widget-text-editor\" data-id=\"9ad8713\" data-element_type=\"widget\" data-e-type=\"widget\" data-widget_type=\"text-editor.default\">\n\t\t\t\t<div class=\"elementor-widget-container\">\n\t\t\t\t\t\t\t\t\tIn unserem Restaurant nehmen wir die Trennung von organischen Abf\u00e4llen und das Recycling von anderen Gegenst\u00e4nden wie Glas, Plastik und Karton sehr ernst. Wir m\u00f6chten unseren Kunden ein einzigartiges kulinarisches Erlebnis bieten, das mit einem echten Engagement f\u00fcr eine nachhaltigere Zukunft einhergeht.\t\t\t\t\t\t\t\t<\/div>\n\t\t\t\t<\/div>\n\t\t\t\t\t<\/div>\n\t\t<\/div>\n\t\t\t\t\t<\/div>\n\t\t<\/section>\n\t\t\t\t\t<\/div>\n\t\t<\/div>\n\t\t\t\t\t<\/div>\n\t\t<\/section>\n\t\t\t\t<\/div>\n\t\t","protected":false},"excerpt":{"rendered":"<p>NACHHALTIGKEIT KONZENTRATION AUF LOKALE UND REGIONALE ANBIETER Im Rahmen des Engagements des Restaurants El Cangrejo Loco f\u00fcr Nachhaltigkeit und Umwelt sind wir stolz darauf, unsere Zusammenarbeit mit lokalen und regionalen Lieferanten hervorzuheben. Wir sind bestrebt, den lokalen Handel zu st\u00e4rken und die Wirtschaft in unserer Region zu f\u00f6rdern. NACHHALTIGE LANDWIRTSCHAFT UND QUALIT\u00c4T Unsere Priorit\u00e4t ist&hellip; <a class=\"more-link\" href=\"https:\/\/staging-elcangrejoloco.linkemann.net\/port-olimpic\/de\/startseite\/nachhaltigkeit\/\">Seguir leyendo <span class=\"screen-reader-text\">NACHHALTIGKEIT<\/span><\/a><\/p>\n","protected":false},"author":1,"featured_media":0,"parent":9532,"menu_order":8,"comment_status":"closed","ping_status":"closed","template":"elementor_header_footer","meta":{"footnotes":""},"class_list":["post-9572","page","type-page","status-publish","hentry","entry"],"_links":{"self":[{"href":"https:\/\/staging-elcangrejoloco.linkemann.net\/port-olimpic\/wp-json\/wp\/v2\/pages\/9572","targetHints":{"allow":["GET"]}}],"collection":[{"href":"https:\/\/staging-elcangrejoloco.linkemann.net\/port-olimpic\/wp-json\/wp\/v2\/pages"}],"about":[{"href":"https:\/\/staging-elcangrejoloco.linkemann.net\/port-olimpic\/wp-json\/wp\/v2\/types\/page"}],"author":[{"embeddable":true,"href":"https:\/\/staging-elcangrejoloco.linkemann.net\/port-olimpic\/wp-json\/wp\/v2\/users\/1"}],"replies":[{"embeddable":true,"href":"https:\/\/staging-elcangrejoloco.linkemann.net\/port-olimpic\/wp-json\/wp\/v2\/comments?post=9572"}],"version-history":[{"count":4,"href":"https:\/\/staging-elcangrejoloco.linkemann.net\/port-olimpic\/wp-json\/wp\/v2\/pages\/9572\/revisions"}],"predecessor-version":[{"id":9576,"href":"https:\/\/staging-elcangrejoloco.linkemann.net\/port-olimpic\/wp-json\/wp\/v2\/pages\/9572\/revisions\/9576"}],"up":[{"embeddable":true,"href":"https:\/\/staging-elcangrejoloco.linkemann.net\/port-olimpic\/wp-json\/wp\/v2\/pages\/9532"}],"wp:attachment":[{"href":"https:\/\/staging-elcangrejoloco.linkemann.net\/port-olimpic\/wp-json\/wp\/v2\/media?parent=9572"}],"curies":[{"name":"wp","href":"https:\/\/api.w.org\/{rel}","templated":true}]}}