{"id":9477,"date":"2024-12-09T11:44:20","date_gmt":"2024-12-09T11:44:20","guid":{"rendered":"https:\/\/staging-elcangrejoloco2.linkemann.net\/port-olimpic\/?page_id=9477"},"modified":"2024-12-12T13:21:18","modified_gmt":"2024-12-12T13:21:18","slug":"eventi","status":"publish","type":"page","link":"https:\/\/staging-elcangrejoloco.linkemann.net\/port-olimpic\/it\/inizio\/eventi\/","title":{"rendered":"EVENTI"},"content":{"rendered":"\t\t<div data-elementor-type=\"wp-page\" data-elementor-id=\"9477\" class=\"elementor elementor-9477\">\n\t\t\t\t\t\t<section class=\"elementor-section elementor-top-section elementor-element elementor-element-8766310 seccion1 elementor-section-boxed elementor-section-height-default elementor-section-height-default\" data-id=\"8766310\" data-element_type=\"section\" data-e-type=\"section\">\n\t\t\t\t\t\t<div class=\"elementor-container elementor-column-gap-default\">\n\t\t\t\t\t<div class=\"elementor-column elementor-col-100 elementor-top-column elementor-element elementor-element-1603e9d\" data-id=\"1603e9d\" data-element_type=\"column\" data-e-type=\"column\">\n\t\t\t<div class=\"elementor-widget-wrap elementor-element-populated\">\n\t\t\t\t\t\t<div class=\"elementor-element elementor-element-fe874ed elementor-hidden-desktop elementor-hidden-tablet elementor-widget elementor-widget-spacer\" data-id=\"fe874ed\" data-element_type=\"widget\" data-e-type=\"widget\" data-widget_type=\"spacer.default\">\n\t\t\t\t<div class=\"elementor-widget-container\">\n\t\t\t\t\t\t\t<div class=\"elementor-spacer\">\n\t\t\t<div class=\"elementor-spacer-inner\"><\/div>\n\t\t<\/div>\n\t\t\t\t\t\t<\/div>\n\t\t\t\t<\/div>\n\t\t\t\t\t<\/div>\n\t\t<\/div>\n\t\t\t\t\t<\/div>\n\t\t<\/section>\n\t\t\t\t<section class=\"elementor-section elementor-top-section elementor-element elementor-element-1b4d0c3 elementor-section-boxed elementor-section-height-default elementor-section-height-default\" data-id=\"1b4d0c3\" data-element_type=\"section\" data-e-type=\"section\">\n\t\t\t\t\t\t<div class=\"elementor-container elementor-column-gap-no\">\n\t\t\t\t\t<div class=\"elementor-column elementor-col-100 elementor-top-column elementor-element elementor-element-1a4fcdf\" data-id=\"1a4fcdf\" data-element_type=\"column\" data-e-type=\"column\">\n\t\t\t<div class=\"elementor-widget-wrap elementor-element-populated\">\n\t\t\t\t\t\t<div class=\"elementor-element elementor-element-48fc1a9 elementor-absolute elementor-widget elementor-widget-heading\" data-id=\"48fc1a9\" data-element_type=\"widget\" data-e-type=\"widget\" data-settings=\"{&quot;_position&quot;:&quot;absolute&quot;}\" data-widget_type=\"heading.default\">\n\t\t\t\t<div class=\"elementor-widget-container\">\n\t\t\t\t\t<h1 class=\"elementor-heading-title elementor-size-default\">EVENTI<\/h1>\t\t\t\t<\/div>\n\t\t\t\t<\/div>\n\t\t\t\t<div class=\"elementor-element elementor-element-633d066 elementor-widget elementor-widget-image-carousel\" data-id=\"633d066\" data-element_type=\"widget\" data-e-type=\"widget\" data-settings=\"{&quot;slides_to_show&quot;:&quot;1&quot;,&quot;navigation&quot;:&quot;none&quot;,&quot;speed&quot;:2500,&quot;slides_to_show_mobile&quot;:&quot;1&quot;,&quot;autoplay_speed&quot;:3000,&quot;autoplay&quot;:&quot;yes&quot;,&quot;pause_on_hover&quot;:&quot;yes&quot;,&quot;pause_on_interaction&quot;:&quot;yes&quot;,&quot;infinite&quot;:&quot;yes&quot;,&quot;effect&quot;:&quot;slide&quot;}\" data-widget_type=\"image-carousel.default\">\n\t\t\t\t<div class=\"elementor-widget-container\">\n\t\t\t\t\t\t\t<div class=\"elementor-image-carousel-wrapper swiper\" role=\"region\" aria-roledescription=\"carousel\" aria-label=\"Carosello d&#039;immagini\" dir=\"ltr\">\n\t\t\t<div class=\"elementor-image-carousel swiper-wrapper swiper-image-stretch\" aria-live=\"off\">\n\t\t\t\t\t\t\t\t<div class=\"swiper-slide\" role=\"group\" aria-roledescription=\"slide\" aria-label=\"1 di 1\"><figure class=\"swiper-slide-inner\"><img decoding=\"async\" class=\"swiper-slide-image\" src=\"https:\/\/staging-elcangrejoloco.linkemann.net\/port-olimpic\/wp-content\/uploads\/2024\/10\/NewSL2-1.webp\" alt=\"NewSL2\" \/><\/figure><\/div>\t\t\t<\/div>\n\t\t\t\t\t<\/div>\n\t\t\t\t\t\t<\/div>\n\t\t\t\t<\/div>\n\t\t\t\t<div class=\"elementor-element elementor-element-1334887 elementor-widget elementor-widget-text-editor\" data-id=\"1334887\" data-element_type=\"widget\" data-e-type=\"widget\" data-widget_type=\"text-editor.default\">\n\t\t\t\t<div class=\"elementor-widget-container\">\n\t\t\t\t\t\t\t\t\t<p>Esclusivi spazi interni ed esterni personalizzabili.<\/p><p>\u00a0<\/p><p>Il ristorante El Cangrejo Loco dispone, sia all&#8217;interno che all&#8217;esterno, di magnifici spazi che possono essere personalizzati per diverse capacit\u00e0.<br \/>Il nostro impegno \u00e8 quello di offrire eventi unici e singolari in uno dei migliori ambienti della citt\u00e0, il Port Olimpic. El Cangrejo Loco \u00e8 un ristorante scelto da molte aziende perch\u00e9 offriamo:<\/p><p>\u00a0<\/p><p>Apertura 365 giorni all&#8217;anno. Orari di apertura della cucina ininterrotti dalle 12:00 alle 23:00.<br \/>Men\u00f9 per buffet, cocktail, pranzi di lavoro e men\u00f9 aziendali personalizzati.<\/p>\t\t\t\t\t\t\t\t<\/div>\n\t\t\t\t<\/div>\n\t\t\t\t\t<\/div>\n\t\t<\/div>\n\t\t\t\t\t<\/div>\n\t\t<\/section>\n\t\t\t\t<section class=\"elementor-section elementor-top-section elementor-element elementor-element-6e12c28 elementor-section-boxed elementor-section-height-default elementor-section-height-default\" data-id=\"6e12c28\" data-element_type=\"section\" data-e-type=\"section\" data-settings=\"{&quot;background_background&quot;:&quot;classic&quot;}\">\n\t\t\t\t\t\t<div class=\"elementor-container elementor-column-gap-default\">\n\t\t\t\t\t<div class=\"elementor-column elementor-col-100 elementor-top-column elementor-element elementor-element-7406be4\" data-id=\"7406be4\" data-element_type=\"column\" data-e-type=\"column\">\n\t\t\t<div class=\"elementor-widget-wrap elementor-element-populated\">\n\t\t\t\t\t\t<div class=\"elementor-element elementor-element-671ed8f elementor-widget elementor-widget-image-gallery\" data-id=\"671ed8f\" data-element_type=\"widget\" data-e-type=\"widget\" data-widget_type=\"image-gallery.default\">\n\t\t\t\t<div class=\"elementor-widget-container\">\n\t\t\t\t\t\t\t<div class=\"elementor-image-gallery\">\n\t\t\t<div id='gallery-1' class='gallery galleryid-9477 gallery-columns-3 gallery-size-full'><figure class='gallery-item'>\n\t\t\t<div class='gallery-icon landscape'>\n\t\t\t\t<a data-elementor-open-lightbox=\"yes\" data-elementor-lightbox-slideshow=\"671ed8f\" data-elementor-lightbox-title=\"foto3_eventos\" data-e-action-hash=\"#elementor-action%3Aaction%3Dlightbox%26settings%3DeyJpZCI6ODY4MywidXJsIjoiaHR0cHM6XC9cL3N0YWdpbmctZWxjYW5ncmVqb2xvY28ubGlua2VtYW5uLm5ldFwvcG9ydC1vbGltcGljXC93cC1jb250ZW50XC91cGxvYWRzXC8yMDI0XC8xMVwvZm90bzNfZXZlbnRvcy0xLmpwZyIsInNsaWRlc2hvdyI6IjY3MWVkOGYifQ%3D%3D\" href='https:\/\/staging-elcangrejoloco.linkemann.net\/port-olimpic\/wp-content\/uploads\/2024\/11\/foto3_eventos-1.jpg'><img fetchpriority=\"high\" decoding=\"async\" width=\"526\" height=\"351\" src=\"https:\/\/staging-elcangrejoloco.linkemann.net\/port-olimpic\/wp-content\/uploads\/2024\/11\/foto3_eventos-1.jpg\" class=\"attachment-full size-full\" alt=\"\" srcset=\"https:\/\/staging-elcangrejoloco.linkemann.net\/port-olimpic\/wp-content\/uploads\/2024\/11\/foto3_eventos-1.jpg 526w, https:\/\/staging-elcangrejoloco.linkemann.net\/port-olimpic\/wp-content\/uploads\/2024\/11\/foto3_eventos-1-300x200.jpg 300w, https:\/\/staging-elcangrejoloco.linkemann.net\/port-olimpic\/wp-content\/uploads\/2024\/11\/foto3_eventos-1-200x133.jpg 200w\" sizes=\"(max-width: 526px) 100vw, 526px\" style=\"width:100%;height:66.73%;max-width:526px;\" \/><\/a>\n\t\t\t<\/div><\/figure><figure class='gallery-item'>\n\t\t\t<div class='gallery-icon landscape'>\n\t\t\t\t<a data-elementor-open-lightbox=\"yes\" data-elementor-lightbox-slideshow=\"671ed8f\" data-elementor-lightbox-title=\"foto2_eventos\" data-e-action-hash=\"#elementor-action%3Aaction%3Dlightbox%26settings%3DeyJpZCI6ODY4MiwidXJsIjoiaHR0cHM6XC9cL3N0YWdpbmctZWxjYW5ncmVqb2xvY28ubGlua2VtYW5uLm5ldFwvcG9ydC1vbGltcGljXC93cC1jb250ZW50XC91cGxvYWRzXC8yMDI0XC8xMVwvZm90bzJfZXZlbnRvcy0xLmpwZyIsInNsaWRlc2hvdyI6IjY3MWVkOGYifQ%3D%3D\" href='https:\/\/staging-elcangrejoloco.linkemann.net\/port-olimpic\/wp-content\/uploads\/2024\/11\/foto2_eventos-1.jpg'><img decoding=\"async\" width=\"526\" height=\"351\" src=\"https:\/\/staging-elcangrejoloco.linkemann.net\/port-olimpic\/wp-content\/uploads\/2024\/11\/foto2_eventos-1.jpg\" class=\"attachment-full size-full\" alt=\"\" srcset=\"https:\/\/staging-elcangrejoloco.linkemann.net\/port-olimpic\/wp-content\/uploads\/2024\/11\/foto2_eventos-1.jpg 526w, https:\/\/staging-elcangrejoloco.linkemann.net\/port-olimpic\/wp-content\/uploads\/2024\/11\/foto2_eventos-1-300x200.jpg 300w, https:\/\/staging-elcangrejoloco.linkemann.net\/port-olimpic\/wp-content\/uploads\/2024\/11\/foto2_eventos-1-200x133.jpg 200w\" sizes=\"(max-width: 526px) 100vw, 526px\" style=\"width:100%;height:66.73%;max-width:526px;\" \/><\/a>\n\t\t\t<\/div><\/figure><figure class='gallery-item'>\n\t\t\t<div class='gallery-icon landscape'>\n\t\t\t\t<a data-elementor-open-lightbox=\"yes\" data-elementor-lightbox-slideshow=\"671ed8f\" data-elementor-lightbox-title=\"foto6_eventos\" data-e-action-hash=\"#elementor-action%3Aaction%3Dlightbox%26settings%3DeyJpZCI6ODY4NywidXJsIjoiaHR0cHM6XC9cL3N0YWdpbmctZWxjYW5ncmVqb2xvY28ubGlua2VtYW5uLm5ldFwvcG9ydC1vbGltcGljXC93cC1jb250ZW50XC91cGxvYWRzXC8yMDI0XC8xMVwvZm90bzZfZXZlbnRvcy0xLmpwZyIsInNsaWRlc2hvdyI6IjY3MWVkOGYifQ%3D%3D\" href='https:\/\/staging-elcangrejoloco.linkemann.net\/port-olimpic\/wp-content\/uploads\/2024\/11\/foto6_eventos-1.jpg'><img decoding=\"async\" width=\"526\" height=\"351\" src=\"https:\/\/staging-elcangrejoloco.linkemann.net\/port-olimpic\/wp-content\/uploads\/2024\/11\/foto6_eventos-1.jpg\" class=\"attachment-full size-full\" alt=\"\" srcset=\"https:\/\/staging-elcangrejoloco.linkemann.net\/port-olimpic\/wp-content\/uploads\/2024\/11\/foto6_eventos-1.jpg 526w, https:\/\/staging-elcangrejoloco.linkemann.net\/port-olimpic\/wp-content\/uploads\/2024\/11\/foto6_eventos-1-300x200.jpg 300w, https:\/\/staging-elcangrejoloco.linkemann.net\/port-olimpic\/wp-content\/uploads\/2024\/11\/foto6_eventos-1-200x133.jpg 200w\" sizes=\"(max-width: 526px) 100vw, 526px\" style=\"width:100%;height:66.73%;max-width:526px;\" \/><\/a>\n\t\t\t<\/div><\/figure>\n\t\t<\/div>\n\t\t<\/div>\n\t\t\t\t\t\t<\/div>\n\t\t\t\t<\/div>\n\t\t\t\t<section class=\"elementor-section elementor-inner-section elementor-element elementor-element-1ff4059 elementor-section-boxed elementor-section-height-default elementor-section-height-default\" data-id=\"1ff4059\" data-element_type=\"section\" data-e-type=\"section\">\n\t\t\t\t\t\t<div class=\"elementor-container elementor-column-gap-default\">\n\t\t\t\t\t<div class=\"elementor-column elementor-col-50 elementor-inner-column elementor-element elementor-element-232954e\" data-id=\"232954e\" data-element_type=\"column\" data-e-type=\"column\">\n\t\t\t<div class=\"elementor-widget-wrap elementor-element-populated\">\n\t\t\t\t\t\t<div class=\"elementor-element elementor-element-4323f4f elementor-align-justify elementor-widget elementor-widget-button\" data-id=\"4323f4f\" data-element_type=\"widget\" data-e-type=\"widget\" data-widget_type=\"button.default\">\n\t\t\t\t<div class=\"elementor-widget-container\">\n\t\t\t\t\t\t\t\t\t<div class=\"elementor-button-wrapper\">\n\t\t\t\t\t<a class=\"elementor-button elementor-button-link elementor-size-sm\" href=\"\/port-olimpic\/it\/#contacto\">\n\t\t\t\t\t\t<span class=\"elementor-button-content-wrapper\">\n\t\t\t\t\t\t\t\t\t<span class=\"elementor-button-text\">Contatti<\/span>\n\t\t\t\t\t<\/span>\n\t\t\t\t\t<\/a>\n\t\t\t\t<\/div>\n\t\t\t\t\t\t\t\t<\/div>\n\t\t\t\t<\/div>\n\t\t\t\t\t<\/div>\n\t\t<\/div>\n\t\t\t\t<div class=\"elementor-column elementor-col-50 elementor-inner-column elementor-element elementor-element-3b4fbab\" data-id=\"3b4fbab\" data-element_type=\"column\" data-e-type=\"column\">\n\t\t\t<div class=\"elementor-widget-wrap elementor-element-populated\">\n\t\t\t\t\t\t<div class=\"elementor-element elementor-element-72dd881 elementor-align-justify elementor-widget elementor-widget-button\" data-id=\"72dd881\" data-element_type=\"widget\" data-e-type=\"widget\" data-widget_type=\"button.default\">\n\t\t\t\t<div class=\"elementor-widget-container\">\n\t\t\t\t\t\t\t\t\t<div class=\"elementor-button-wrapper\">\n\t\t\t\t\t<a class=\"elementor-button elementor-button-link elementor-size-sm\" href=\"\/port-olimpic\/it\/#reserva\">\n\t\t\t\t\t\t<span class=\"elementor-button-content-wrapper\">\n\t\t\t\t\t\t\t\t\t<span class=\"elementor-button-text\">Prenota<\/span>\n\t\t\t\t\t<\/span>\n\t\t\t\t\t<\/a>\n\t\t\t\t<\/div>\n\t\t\t\t\t\t\t\t<\/div>\n\t\t\t\t<\/div>\n\t\t\t\t\t<\/div>\n\t\t<\/div>\n\t\t\t\t\t<\/div>\n\t\t<\/section>\n\t\t\t\t\t<\/div>\n\t\t<\/div>\n\t\t\t\t\t<\/div>\n\t\t<\/section>\n\t\t\t\t<\/div>\n\t\t","protected":false},"excerpt":{"rendered":"<p>EVENTI Esclusivi spazi interni ed esterni personalizzabili. \u00a0 Il ristorante El Cangrejo Loco dispone, sia all&#8217;interno che all&#8217;esterno, di magnifici spazi che possono essere personalizzati per diverse capacit\u00e0.Il nostro impegno \u00e8 quello di offrire eventi unici e singolari in uno dei migliori ambienti della citt\u00e0, il Port Olimpic. El Cangrejo Loco \u00e8 un ristorante scelto&hellip; <a class=\"more-link\" href=\"https:\/\/staging-elcangrejoloco.linkemann.net\/port-olimpic\/it\/inizio\/eventi\/\">Seguir leyendo <span class=\"screen-reader-text\">EVENTI<\/span><\/a><\/p>\n","protected":false},"author":1,"featured_media":0,"parent":9457,"menu_order":0,"comment_status":"closed","ping_status":"closed","template":"elementor_header_footer","meta":{"footnotes":""},"class_list":["post-9477","page","type-page","status-publish","hentry","entry"],"_links":{"self":[{"href":"https:\/\/staging-elcangrejoloco.linkemann.net\/port-olimpic\/wp-json\/wp\/v2\/pages\/9477","targetHints":{"allow":["GET"]}}],"collection":[{"href":"https:\/\/staging-elcangrejoloco.linkemann.net\/port-olimpic\/wp-json\/wp\/v2\/pages"}],"about":[{"href":"https:\/\/staging-elcangrejoloco.linkemann.net\/port-olimpic\/wp-json\/wp\/v2\/types\/page"}],"author":[{"embeddable":true,"href":"https:\/\/staging-elcangrejoloco.linkemann.net\/port-olimpic\/wp-json\/wp\/v2\/users\/1"}],"replies":[{"embeddable":true,"href":"https:\/\/staging-elcangrejoloco.linkemann.net\/port-olimpic\/wp-json\/wp\/v2\/comments?post=9477"}],"version-history":[{"count":10,"href":"https:\/\/staging-elcangrejoloco.linkemann.net\/port-olimpic\/wp-json\/wp\/v2\/pages\/9477\/revisions"}],"predecessor-version":[{"id":11170,"href":"https:\/\/staging-elcangrejoloco.linkemann.net\/port-olimpic\/wp-json\/wp\/v2\/pages\/9477\/revisions\/11170"}],"up":[{"embeddable":true,"href":"https:\/\/staging-elcangrejoloco.linkemann.net\/port-olimpic\/wp-json\/wp\/v2\/pages\/9457"}],"wp:attachment":[{"href":"https:\/\/staging-elcangrejoloco.linkemann.net\/port-olimpic\/wp-json\/wp\/v2\/media?parent=9477"}],"curies":[{"name":"wp","href":"https:\/\/api.w.org\/{rel}","templated":true}]}}