{"id":9390,"date":"2024-12-09T10:43:27","date_gmt":"2024-12-09T10:43:27","guid":{"rendered":"https:\/\/staging-elcangrejoloco2.linkemann.net\/port-olimpic\/?page_id=9390"},"modified":"2024-12-12T13:03:56","modified_gmt":"2024-12-12T13:03:56","slug":"evenements","status":"publish","type":"page","link":"https:\/\/staging-elcangrejoloco.linkemann.net\/port-olimpic\/fr\/accueil\/evenements\/","title":{"rendered":"\u00c9V\u00c9NEMENTS"},"content":{"rendered":"\t\t<div data-elementor-type=\"wp-page\" data-elementor-id=\"9390\" class=\"elementor elementor-9390\">\n\t\t\t\t\t\t<section class=\"elementor-section elementor-top-section elementor-element elementor-element-8766310 seccion1 elementor-section-boxed elementor-section-height-default elementor-section-height-default\" data-id=\"8766310\" data-element_type=\"section\" data-e-type=\"section\">\n\t\t\t\t\t\t<div class=\"elementor-container elementor-column-gap-default\">\n\t\t\t\t\t<div class=\"elementor-column elementor-col-100 elementor-top-column elementor-element elementor-element-1603e9d\" data-id=\"1603e9d\" data-element_type=\"column\" data-e-type=\"column\">\n\t\t\t<div class=\"elementor-widget-wrap elementor-element-populated\">\n\t\t\t\t\t\t<div class=\"elementor-element elementor-element-fe874ed elementor-hidden-desktop elementor-hidden-tablet elementor-widget elementor-widget-spacer\" data-id=\"fe874ed\" data-element_type=\"widget\" data-e-type=\"widget\" data-widget_type=\"spacer.default\">\n\t\t\t\t<div class=\"elementor-widget-container\">\n\t\t\t\t\t\t\t<div class=\"elementor-spacer\">\n\t\t\t<div class=\"elementor-spacer-inner\"><\/div>\n\t\t<\/div>\n\t\t\t\t\t\t<\/div>\n\t\t\t\t<\/div>\n\t\t\t\t\t<\/div>\n\t\t<\/div>\n\t\t\t\t\t<\/div>\n\t\t<\/section>\n\t\t\t\t<section class=\"elementor-section elementor-top-section elementor-element elementor-element-1b4d0c3 elementor-section-boxed elementor-section-height-default elementor-section-height-default\" data-id=\"1b4d0c3\" data-element_type=\"section\" data-e-type=\"section\">\n\t\t\t\t\t\t<div class=\"elementor-container elementor-column-gap-no\">\n\t\t\t\t\t<div class=\"elementor-column elementor-col-100 elementor-top-column elementor-element elementor-element-1a4fcdf\" data-id=\"1a4fcdf\" data-element_type=\"column\" data-e-type=\"column\">\n\t\t\t<div class=\"elementor-widget-wrap elementor-element-populated\">\n\t\t\t\t\t\t<div class=\"elementor-element elementor-element-48fc1a9 elementor-absolute elementor-widget elementor-widget-heading\" data-id=\"48fc1a9\" data-element_type=\"widget\" data-e-type=\"widget\" data-settings=\"{&quot;_position&quot;:&quot;absolute&quot;}\" data-widget_type=\"heading.default\">\n\t\t\t\t<div class=\"elementor-widget-container\">\n\t\t\t\t\t<h1 class=\"elementor-heading-title elementor-size-default\">\u00c9V\u00c9NEMENTS<\/h1>\t\t\t\t<\/div>\n\t\t\t\t<\/div>\n\t\t\t\t<div class=\"elementor-element elementor-element-633d066 elementor-widget elementor-widget-image-carousel\" data-id=\"633d066\" data-element_type=\"widget\" data-e-type=\"widget\" data-settings=\"{&quot;slides_to_show&quot;:&quot;1&quot;,&quot;navigation&quot;:&quot;none&quot;,&quot;speed&quot;:2500,&quot;slides_to_show_mobile&quot;:&quot;1&quot;,&quot;autoplay_speed&quot;:3000,&quot;autoplay&quot;:&quot;yes&quot;,&quot;pause_on_hover&quot;:&quot;yes&quot;,&quot;pause_on_interaction&quot;:&quot;yes&quot;,&quot;infinite&quot;:&quot;yes&quot;,&quot;effect&quot;:&quot;slide&quot;}\" data-widget_type=\"image-carousel.default\">\n\t\t\t\t<div class=\"elementor-widget-container\">\n\t\t\t\t\t\t\t<div class=\"elementor-image-carousel-wrapper swiper\" role=\"region\" aria-roledescription=\"carousel\" aria-label=\"Carrousel d\u2019images\" dir=\"ltr\">\n\t\t\t<div class=\"elementor-image-carousel swiper-wrapper swiper-image-stretch\" aria-live=\"off\">\n\t\t\t\t\t\t\t\t<div class=\"swiper-slide\" role=\"group\" aria-roledescription=\"slide\" aria-label=\"1 sur 1\"><figure class=\"swiper-slide-inner\"><img decoding=\"async\" class=\"swiper-slide-image\" src=\"https:\/\/staging-elcangrejoloco.linkemann.net\/port-olimpic\/wp-content\/uploads\/2024\/10\/NewSL2-1.webp\" alt=\"NewSL2\" \/><\/figure><\/div>\t\t\t<\/div>\n\t\t\t\t\t<\/div>\n\t\t\t\t\t\t<\/div>\n\t\t\t\t<\/div>\n\t\t\t\t<div class=\"elementor-element elementor-element-1334887 elementor-widget elementor-widget-text-editor\" data-id=\"1334887\" data-element_type=\"widget\" data-e-type=\"widget\" data-widget_type=\"text-editor.default\">\n\t\t\t\t<div class=\"elementor-widget-container\">\n\t\t\t\t\t\t\t\t\tEspaces exclusifs et personnalisables, tant en int\u00e9rieur qu\u2019en ext\u00e9rieur.\n\nLe restaurant El Cangrejo Loco propose des espaces d&#8217;exception, personnalisables en fonction de vos besoins, aussi bien en int\u00e9rieur qu&#8217;en ext\u00e9rieur, et adapt\u00e9s \u00e0 diverses configurations et capacit\u00e9s.\nNous nous engageons \u00e0 organiser des \u00e9v\u00e9nements exceptionnels et inoubliables dans l&#8217;un des cadres les plus prestigieux de la ville, Port Ol\u00edmpic. EL Cangrejo Loco est le choix privil\u00e9gi\u00e9 de nombreuses entreprises, gr\u00e2ce \u00e0 la qualit\u00e9 et \u00e0 l&#8217;excellence des services que nous offrons :\n\nOuvert 365 jours par an, avec un service de cuisine continu de 12 h \u00e0 23 h.\nMenus pour buffets, cocktails, d\u00e9jeuners professionnels et menus d&#8217;entreprise sur mesure.\t\t\t\t\t\t\t\t<\/div>\n\t\t\t\t<\/div>\n\t\t\t\t\t<\/div>\n\t\t<\/div>\n\t\t\t\t\t<\/div>\n\t\t<\/section>\n\t\t\t\t<section class=\"elementor-section elementor-top-section elementor-element elementor-element-6e12c28 elementor-section-boxed elementor-section-height-default elementor-section-height-default\" data-id=\"6e12c28\" data-element_type=\"section\" data-e-type=\"section\" data-settings=\"{&quot;background_background&quot;:&quot;classic&quot;}\">\n\t\t\t\t\t\t<div class=\"elementor-container elementor-column-gap-default\">\n\t\t\t\t\t<div class=\"elementor-column elementor-col-100 elementor-top-column elementor-element elementor-element-7406be4\" data-id=\"7406be4\" data-element_type=\"column\" data-e-type=\"column\">\n\t\t\t<div class=\"elementor-widget-wrap elementor-element-populated\">\n\t\t\t\t\t\t<div class=\"elementor-element elementor-element-671ed8f elementor-widget elementor-widget-image-gallery\" data-id=\"671ed8f\" data-element_type=\"widget\" data-e-type=\"widget\" data-widget_type=\"image-gallery.default\">\n\t\t\t\t<div class=\"elementor-widget-container\">\n\t\t\t\t\t\t\t<div class=\"elementor-image-gallery\">\n\t\t\t<div id='gallery-1' class='gallery galleryid-9390 gallery-columns-3 gallery-size-full'><figure class='gallery-item'>\n\t\t\t<div class='gallery-icon landscape'>\n\t\t\t\t<a data-elementor-open-lightbox=\"yes\" data-elementor-lightbox-slideshow=\"671ed8f\" data-elementor-lightbox-title=\"foto3_eventos\" data-e-action-hash=\"#elementor-action%3Aaction%3Dlightbox%26settings%3DeyJpZCI6ODY4MywidXJsIjoiaHR0cHM6XC9cL3N0YWdpbmctZWxjYW5ncmVqb2xvY28ubGlua2VtYW5uLm5ldFwvcG9ydC1vbGltcGljXC93cC1jb250ZW50XC91cGxvYWRzXC8yMDI0XC8xMVwvZm90bzNfZXZlbnRvcy0xLmpwZyIsInNsaWRlc2hvdyI6IjY3MWVkOGYifQ%3D%3D\" href='https:\/\/staging-elcangrejoloco.linkemann.net\/port-olimpic\/wp-content\/uploads\/2024\/11\/foto3_eventos-1.jpg'><img fetchpriority=\"high\" decoding=\"async\" width=\"526\" height=\"351\" src=\"https:\/\/staging-elcangrejoloco.linkemann.net\/port-olimpic\/wp-content\/uploads\/2024\/11\/foto3_eventos-1.jpg\" class=\"attachment-full size-full\" alt=\"\" srcset=\"https:\/\/staging-elcangrejoloco.linkemann.net\/port-olimpic\/wp-content\/uploads\/2024\/11\/foto3_eventos-1.jpg 526w, https:\/\/staging-elcangrejoloco.linkemann.net\/port-olimpic\/wp-content\/uploads\/2024\/11\/foto3_eventos-1-300x200.jpg 300w, https:\/\/staging-elcangrejoloco.linkemann.net\/port-olimpic\/wp-content\/uploads\/2024\/11\/foto3_eventos-1-200x133.jpg 200w\" sizes=\"(max-width: 526px) 100vw, 526px\" style=\"width:100%;height:66.73%;max-width:526px;\" \/><\/a>\n\t\t\t<\/div><\/figure><figure class='gallery-item'>\n\t\t\t<div class='gallery-icon landscape'>\n\t\t\t\t<a data-elementor-open-lightbox=\"yes\" data-elementor-lightbox-slideshow=\"671ed8f\" data-elementor-lightbox-title=\"foto2_eventos\" data-e-action-hash=\"#elementor-action%3Aaction%3Dlightbox%26settings%3DeyJpZCI6ODY4MiwidXJsIjoiaHR0cHM6XC9cL3N0YWdpbmctZWxjYW5ncmVqb2xvY28ubGlua2VtYW5uLm5ldFwvcG9ydC1vbGltcGljXC93cC1jb250ZW50XC91cGxvYWRzXC8yMDI0XC8xMVwvZm90bzJfZXZlbnRvcy0xLmpwZyIsInNsaWRlc2hvdyI6IjY3MWVkOGYifQ%3D%3D\" href='https:\/\/staging-elcangrejoloco.linkemann.net\/port-olimpic\/wp-content\/uploads\/2024\/11\/foto2_eventos-1.jpg'><img decoding=\"async\" width=\"526\" height=\"351\" src=\"https:\/\/staging-elcangrejoloco.linkemann.net\/port-olimpic\/wp-content\/uploads\/2024\/11\/foto2_eventos-1.jpg\" class=\"attachment-full size-full\" alt=\"\" srcset=\"https:\/\/staging-elcangrejoloco.linkemann.net\/port-olimpic\/wp-content\/uploads\/2024\/11\/foto2_eventos-1.jpg 526w, https:\/\/staging-elcangrejoloco.linkemann.net\/port-olimpic\/wp-content\/uploads\/2024\/11\/foto2_eventos-1-300x200.jpg 300w, https:\/\/staging-elcangrejoloco.linkemann.net\/port-olimpic\/wp-content\/uploads\/2024\/11\/foto2_eventos-1-200x133.jpg 200w\" sizes=\"(max-width: 526px) 100vw, 526px\" style=\"width:100%;height:66.73%;max-width:526px;\" \/><\/a>\n\t\t\t<\/div><\/figure><figure class='gallery-item'>\n\t\t\t<div class='gallery-icon landscape'>\n\t\t\t\t<a data-elementor-open-lightbox=\"yes\" data-elementor-lightbox-slideshow=\"671ed8f\" data-elementor-lightbox-title=\"foto6_eventos\" data-e-action-hash=\"#elementor-action%3Aaction%3Dlightbox%26settings%3DeyJpZCI6ODY4NywidXJsIjoiaHR0cHM6XC9cL3N0YWdpbmctZWxjYW5ncmVqb2xvY28ubGlua2VtYW5uLm5ldFwvcG9ydC1vbGltcGljXC93cC1jb250ZW50XC91cGxvYWRzXC8yMDI0XC8xMVwvZm90bzZfZXZlbnRvcy0xLmpwZyIsInNsaWRlc2hvdyI6IjY3MWVkOGYifQ%3D%3D\" href='https:\/\/staging-elcangrejoloco.linkemann.net\/port-olimpic\/wp-content\/uploads\/2024\/11\/foto6_eventos-1.jpg'><img decoding=\"async\" width=\"526\" height=\"351\" src=\"https:\/\/staging-elcangrejoloco.linkemann.net\/port-olimpic\/wp-content\/uploads\/2024\/11\/foto6_eventos-1.jpg\" class=\"attachment-full size-full\" alt=\"\" srcset=\"https:\/\/staging-elcangrejoloco.linkemann.net\/port-olimpic\/wp-content\/uploads\/2024\/11\/foto6_eventos-1.jpg 526w, https:\/\/staging-elcangrejoloco.linkemann.net\/port-olimpic\/wp-content\/uploads\/2024\/11\/foto6_eventos-1-300x200.jpg 300w, https:\/\/staging-elcangrejoloco.linkemann.net\/port-olimpic\/wp-content\/uploads\/2024\/11\/foto6_eventos-1-200x133.jpg 200w\" sizes=\"(max-width: 526px) 100vw, 526px\" style=\"width:100%;height:66.73%;max-width:526px;\" \/><\/a>\n\t\t\t<\/div><\/figure>\n\t\t<\/div>\n\t\t<\/div>\n\t\t\t\t\t\t<\/div>\n\t\t\t\t<\/div>\n\t\t\t\t<section class=\"elementor-section elementor-inner-section elementor-element elementor-element-1ff4059 elementor-section-boxed elementor-section-height-default elementor-section-height-default\" data-id=\"1ff4059\" data-element_type=\"section\" data-e-type=\"section\">\n\t\t\t\t\t\t<div class=\"elementor-container elementor-column-gap-default\">\n\t\t\t\t\t<div class=\"elementor-column elementor-col-50 elementor-inner-column elementor-element elementor-element-232954e\" data-id=\"232954e\" data-element_type=\"column\" data-e-type=\"column\">\n\t\t\t<div class=\"elementor-widget-wrap elementor-element-populated\">\n\t\t\t\t\t\t<div class=\"elementor-element elementor-element-4323f4f elementor-align-justify elementor-widget elementor-widget-button\" data-id=\"4323f4f\" data-element_type=\"widget\" data-e-type=\"widget\" data-widget_type=\"button.default\">\n\t\t\t\t<div class=\"elementor-widget-container\">\n\t\t\t\t\t\t\t\t\t<div class=\"elementor-button-wrapper\">\n\t\t\t\t\t<a class=\"elementor-button elementor-button-link elementor-size-sm\" href=\"\/port-olimpic\/fr\/#contacto\">\n\t\t\t\t\t\t<span class=\"elementor-button-content-wrapper\">\n\t\t\t\t\t\t\t\t\t<span class=\"elementor-button-text\">Contact<\/span>\n\t\t\t\t\t<\/span>\n\t\t\t\t\t<\/a>\n\t\t\t\t<\/div>\n\t\t\t\t\t\t\t\t<\/div>\n\t\t\t\t<\/div>\n\t\t\t\t\t<\/div>\n\t\t<\/div>\n\t\t\t\t<div class=\"elementor-column elementor-col-50 elementor-inner-column elementor-element elementor-element-3b4fbab\" data-id=\"3b4fbab\" data-element_type=\"column\" data-e-type=\"column\">\n\t\t\t<div class=\"elementor-widget-wrap elementor-element-populated\">\n\t\t\t\t\t\t<div class=\"elementor-element elementor-element-72dd881 elementor-align-justify elementor-widget elementor-widget-button\" data-id=\"72dd881\" data-element_type=\"widget\" data-e-type=\"widget\" data-widget_type=\"button.default\">\n\t\t\t\t<div class=\"elementor-widget-container\">\n\t\t\t\t\t\t\t\t\t<div class=\"elementor-button-wrapper\">\n\t\t\t\t\t<a class=\"elementor-button elementor-button-link elementor-size-sm\" href=\"\/port-olimpic\/fr\/#reserva\">\n\t\t\t\t\t\t<span class=\"elementor-button-content-wrapper\">\n\t\t\t\t\t\t\t\t\t<span class=\"elementor-button-text\">Reservation<\/span>\n\t\t\t\t\t<\/span>\n\t\t\t\t\t<\/a>\n\t\t\t\t<\/div>\n\t\t\t\t\t\t\t\t<\/div>\n\t\t\t\t<\/div>\n\t\t\t\t\t<\/div>\n\t\t<\/div>\n\t\t\t\t\t<\/div>\n\t\t<\/section>\n\t\t\t\t\t<\/div>\n\t\t<\/div>\n\t\t\t\t\t<\/div>\n\t\t<\/section>\n\t\t\t\t<\/div>\n\t\t","protected":false},"excerpt":{"rendered":"<p>\u00c9V\u00c9NEMENTS Espaces exclusifs et personnalisables, tant en int\u00e9rieur qu\u2019en ext\u00e9rieur. Le restaurant El Cangrejo Loco propose des espaces d&#8217;exception, personnalisables en fonction de vos besoins, aussi bien en int\u00e9rieur qu&#8217;en ext\u00e9rieur, et adapt\u00e9s \u00e0 diverses configurations et capacit\u00e9s. Nous nous engageons \u00e0 organiser des \u00e9v\u00e9nements exceptionnels et inoubliables dans l&#8217;un des cadres les plus prestigieux&hellip; <a class=\"more-link\" href=\"https:\/\/staging-elcangrejoloco.linkemann.net\/port-olimpic\/fr\/accueil\/evenements\/\">Seguir leyendo <span class=\"screen-reader-text\">\u00c9V\u00c9NEMENTS<\/span><\/a><\/p>\n","protected":false},"author":1,"featured_media":0,"parent":9376,"menu_order":0,"comment_status":"closed","ping_status":"closed","template":"elementor_header_footer","meta":{"footnotes":""},"class_list":["post-9390","page","type-page","status-publish","hentry","entry"],"_links":{"self":[{"href":"https:\/\/staging-elcangrejoloco.linkemann.net\/port-olimpic\/wp-json\/wp\/v2\/pages\/9390","targetHints":{"allow":["GET"]}}],"collection":[{"href":"https:\/\/staging-elcangrejoloco.linkemann.net\/port-olimpic\/wp-json\/wp\/v2\/pages"}],"about":[{"href":"https:\/\/staging-elcangrejoloco.linkemann.net\/port-olimpic\/wp-json\/wp\/v2\/types\/page"}],"author":[{"embeddable":true,"href":"https:\/\/staging-elcangrejoloco.linkemann.net\/port-olimpic\/wp-json\/wp\/v2\/users\/1"}],"replies":[{"embeddable":true,"href":"https:\/\/staging-elcangrejoloco.linkemann.net\/port-olimpic\/wp-json\/wp\/v2\/comments?post=9390"}],"version-history":[{"count":7,"href":"https:\/\/staging-elcangrejoloco.linkemann.net\/port-olimpic\/wp-json\/wp\/v2\/pages\/9390\/revisions"}],"predecessor-version":[{"id":11142,"href":"https:\/\/staging-elcangrejoloco.linkemann.net\/port-olimpic\/wp-json\/wp\/v2\/pages\/9390\/revisions\/11142"}],"up":[{"embeddable":true,"href":"https:\/\/staging-elcangrejoloco.linkemann.net\/port-olimpic\/wp-json\/wp\/v2\/pages\/9376"}],"wp:attachment":[{"href":"https:\/\/staging-elcangrejoloco.linkemann.net\/port-olimpic\/wp-json\/wp\/v2\/media?parent=9390"}],"curies":[{"name":"wp","href":"https:\/\/api.w.org\/{rel}","templated":true}]}}