{"id":5350,"date":"2024-03-26T09:47:33","date_gmt":"2024-03-26T09:47:33","guid":{"rendered":"https:\/\/www.elcangrejoloco.com\/?page_id=5350"},"modified":"2024-06-25T14:30:33","modified_gmt":"2024-06-25T14:30:33","slug":"borsa-de-treball","status":"publish","type":"page","link":"https:\/\/staging-elcangrejoloco.linkemann.net\/eixample\/ca\/inici\/borsa-de-treball\/","title":{"rendered":"Borsa de treball"},"content":{"rendered":"\t\t<div data-elementor-type=\"wp-page\" data-elementor-id=\"5350\" class=\"elementor elementor-5350\">\n\t\t\t\t\t\t<section class=\"elementor-section elementor-top-section elementor-element elementor-element-7c568b1b elementor-section-stretched seccion1 elementor-section-boxed elementor-section-height-default elementor-section-height-default\" data-id=\"7c568b1b\" data-element_type=\"section\" data-e-type=\"section\" data-settings=\"{&quot;stretch_section&quot;:&quot;section-stretched&quot;}\">\n\t\t\t\t\t\t<div class=\"elementor-container elementor-column-gap-no\">\n\t\t\t\t\t<div class=\"elementor-column elementor-col-100 elementor-top-column elementor-element elementor-element-7d6c5692\" data-id=\"7d6c5692\" data-element_type=\"column\" data-e-type=\"column\">\n\t\t\t<div class=\"elementor-widget-wrap\">\n\t\t\t\t\t\t\t<\/div>\n\t\t<\/div>\n\t\t\t\t\t<\/div>\n\t\t<\/section>\n\t\t\t\t<section class=\"elementor-section elementor-top-section elementor-element elementor-element-11168824 elementor-section-boxed elementor-section-height-default elementor-section-height-default\" data-id=\"11168824\" data-element_type=\"section\" data-e-type=\"section\" data-settings=\"{&quot;background_background&quot;:&quot;classic&quot;}\">\n\t\t\t\t\t\t<div class=\"elementor-container elementor-column-gap-default\">\n\t\t\t\t\t<div class=\"elementor-column elementor-col-100 elementor-top-column elementor-element elementor-element-ac98508\" data-id=\"ac98508\" data-element_type=\"column\" data-e-type=\"column\">\n\t\t\t<div class=\"elementor-widget-wrap elementor-element-populated\">\n\t\t\t\t\t\t<div class=\"elementor-element elementor-element-67b5f926 elementor-widget elementor-widget-heading\" data-id=\"67b5f926\" data-element_type=\"widget\" data-e-type=\"widget\" data-widget_type=\"heading.default\">\n\t\t\t\t<div class=\"elementor-widget-container\">\n\t\t\t\t\t<h3 class=\"elementor-heading-title elementor-size-default\">BORSA DE TREBALL<\/h3>\t\t\t\t<\/div>\n\t\t\t\t<\/div>\n\t\t\t\t<div class=\"elementor-element elementor-element-4f03a8b8 elementor-widget elementor-widget-text-editor\" data-id=\"4f03a8b8\" data-element_type=\"widget\" data-e-type=\"widget\" data-widget_type=\"text-editor.default\">\n\t\t\t\t<div class=\"elementor-widget-container\">\n\t\t\t\t\t\t\t\t\tInscriu-te a la nostra Borsa de treball,\n\nenvia&#8217;ns les teves dades i curr\u00edculum.\t\t\t\t\t\t\t\t<\/div>\n\t\t\t\t<\/div>\n\t\t\t\t\t<\/div>\n\t\t<\/div>\n\t\t\t\t\t<\/div>\n\t\t<\/section>\n\t\t\t\t<section class=\"elementor-section elementor-top-section elementor-element elementor-element-58a5c36 elementor-section-boxed elementor-section-height-default elementor-section-height-default\" data-id=\"58a5c36\" data-element_type=\"section\" data-e-type=\"section\">\n\t\t\t\t\t\t<div class=\"elementor-container elementor-column-gap-default\">\n\t\t\t\t\t<div class=\"elementor-column elementor-col-100 elementor-top-column elementor-element elementor-element-6ea1a832\" data-id=\"6ea1a832\" data-element_type=\"column\" data-e-type=\"column\">\n\t\t\t<div class=\"elementor-widget-wrap elementor-element-populated\">\n\t\t\t\t\t\t<div class=\"elementor-element elementor-element-628f3b2e elementor-widget elementor-widget-html\" data-id=\"628f3b2e\" data-element_type=\"widget\" data-e-type=\"widget\" data-widget_type=\"html.default\">\n\t\t\t\t<div class=\"elementor-widget-container\">\n\t\t\t\t\t\n<div class=\"wpcf7 no-js\" id=\"wpcf7-f5206-o1\" lang=\"es-ES\" dir=\"ltr\" data-wpcf7-id=\"5206\">\n<div class=\"screen-reader-response\"><p role=\"status\" aria-live=\"polite\" aria-atomic=\"true\"><\/p> <ul><\/ul><\/div>\n<form action=\"\/eixample\/wp-json\/wp\/v2\/pages\/5350#wpcf7-f5206-o1\" method=\"post\" class=\"wpcf7-form init\" aria-label=\"Formulario de contacto\" enctype=\"multipart\/form-data\" novalidate=\"novalidate\" data-status=\"init\">\n<fieldset class=\"hidden-fields-container\"><input type=\"hidden\" name=\"_wpcf7\" value=\"5206\" \/><input type=\"hidden\" name=\"_wpcf7_version\" value=\"6.1.5\" \/><input type=\"hidden\" name=\"_wpcf7_locale\" value=\"es_ES\" \/><input type=\"hidden\" name=\"_wpcf7_unit_tag\" value=\"wpcf7-f5206-o1\" \/><input type=\"hidden\" name=\"_wpcf7_container_post\" value=\"0\" \/><input type=\"hidden\" name=\"_wpcf7_posted_data_hash\" value=\"\" \/><input type=\"hidden\" name=\"_wpcf7_recaptcha_response\" value=\"\" \/>\n<\/fieldset>\n<p><span class=\"wpcf7-form-control-wrap\" data-name=\"your-name\"><input size=\"40\" maxlength=\"400\" class=\"wpcf7-form-control wpcf7-text wpcf7-validates-as-required\" autocomplete=\"name\" aria-required=\"true\" aria-invalid=\"false\" placeholder=\"Nom i Cognoms...\" value=\"\" type=\"text\" name=\"your-name\" \/><\/span><br \/>\n<span class=\"wpcf7-form-control-wrap\" data-name=\"your-email\"><input size=\"40\" maxlength=\"400\" class=\"wpcf7-form-control wpcf7-email wpcf7-validates-as-required wpcf7-text wpcf7-validates-as-email w50\" autocomplete=\"email\" aria-required=\"true\" aria-invalid=\"false\" placeholder=\"Email\" value=\"\" type=\"email\" name=\"your-email\" \/><\/span><br \/>\n<span class=\"wpcf7-form-control-wrap\" data-name=\"your-tel\"><input size=\"40\" maxlength=\"400\" class=\"wpcf7-form-control wpcf7-text wpcf7-validates-as-required w50\" aria-required=\"true\" aria-invalid=\"false\" placeholder=\"Tel\u00e8fon\" value=\"\" type=\"text\" name=\"your-tel\" \/><\/span><br \/>\n<span class=\"wpcf7-form-control-wrap\" data-name=\"ref\"><input size=\"40\" maxlength=\"400\" class=\"wpcf7-form-control wpcf7-text\" aria-invalid=\"false\" placeholder=\"Num. Refer\u00e8ncia de l&#039;ocupaci\u00f3\" value=\"\" type=\"text\" name=\"ref\" \/><\/span><br \/>\n<span class=\"wpcf7-form-control-wrap\" data-name=\"your-message\"><textarea cols=\"40\" rows=\"10\" maxlength=\"2000\" class=\"wpcf7-form-control wpcf7-textarea\" aria-invalid=\"false\" placeholder=\"Missatge...\" name=\"your-message\"><\/textarea><\/span><br \/>\n<span class=\"wpcf7-form-control-wrap\" data-name=\"file1\"><input size=\"40\" class=\"wpcf7-form-control wpcf7-file file-select\" accept=\".pdf\" aria-invalid=\"false\" type=\"file\" name=\"file1\" \/><\/span>\n<\/p>\n<div class=\"cita-legal\">\n\t<p>En nom de l'empresa tractem la informaci\u00f3 que ens facilita per tal de participar als nostres processos de selecci\u00f3 de personal. En cas de ser seleccionat per a la fase seg\u00fcent us comunicarem aquesta decisi\u00f3. Les dades per vost\u00e8 proporcionades es conservaran durant un temps m\u00e0xim d'1 any passat el qual seran eliminades.\n\t<\/p>\n\t<p>Als efectes del que disposa el Reglament (UE) 2016\/679 del Parlament Europeu i del Consell de 27 d'abril de 2016 relatiu a la protecci\u00f3 de dades de les persones f\u00edsiques i la Llei Org\u00e0nica 3\/2018, de 5 de desembre, de Protecci\u00f3 de Dades Personals i Garantia dels Drets Digitals, Vost\u00e8 t\u00e9 dret a accedir a les seves dades personals, rectificar les dades inexactes o sol\u00b7licitar-ne la supressi\u00f3. Les dades no se cediran a tercers.\n\t<\/p>\n<\/div>\n<p><label><span class=\"wpcf7-form-control-wrap\" data-name=\"acceptance-283\"><span class=\"wpcf7-form-control wpcf7-acceptance\"><span class=\"wpcf7-list-item\"><label><input type=\"checkbox\" name=\"acceptance-283\" value=\"1\" aria-invalid=\"false\" \/><span class=\"wpcf7-list-item-label\">Marcant aquesta casella, accepta les condicions relatives al tractament de les seves dades. Per veure les Pol\u00edtiques de Privacitat i Protecci\u00f3 de Dades Personals, premeu <a href=\"\/politica-de-privacitat\/\" target=\"_blank\">aqu\u00ed<\/a><\/span><\/label><\/span><\/span><\/span><\/label><br \/>\n<input class=\"wpcf7-form-control wpcf7-submit has-spinner boton1\" type=\"submit\" value=\"Enviar\" \/>\n<\/p><div class=\"wpcf7-response-output\" aria-hidden=\"true\"><\/div>\n<\/form>\n<\/div>\n\t\t\t\t<\/div>\n\t\t\t\t<\/div>\n\t\t\t\t\t<\/div>\n\t\t<\/div>\n\t\t\t\t\t<\/div>\n\t\t<\/section>\n\t\t\t\t<\/div>\n\t\t","protected":false},"excerpt":{"rendered":"<p>BORSA DE TREBALL Inscriu-te a la nostra Borsa de treball, envia&#8217;ns les teves dades i curr\u00edculum.<\/p>\n","protected":false},"author":6,"featured_media":0,"parent":1158,"menu_order":3,"comment_status":"closed","ping_status":"closed","template":"elementor_header_footer","meta":{"footnotes":""},"class_list":["post-5350","page","type-page","status-publish","hentry","entry"],"_links":{"self":[{"href":"https:\/\/staging-elcangrejoloco.linkemann.net\/eixample\/wp-json\/wp\/v2\/pages\/5350","targetHints":{"allow":["GET"]}}],"collection":[{"href":"https:\/\/staging-elcangrejoloco.linkemann.net\/eixample\/wp-json\/wp\/v2\/pages"}],"about":[{"href":"https:\/\/staging-elcangrejoloco.linkemann.net\/eixample\/wp-json\/wp\/v2\/types\/page"}],"author":[{"embeddable":true,"href":"https:\/\/staging-elcangrejoloco.linkemann.net\/eixample\/wp-json\/wp\/v2\/users\/6"}],"replies":[{"embeddable":true,"href":"https:\/\/staging-elcangrejoloco.linkemann.net\/eixample\/wp-json\/wp\/v2\/comments?post=5350"}],"version-history":[{"count":10,"href":"https:\/\/staging-elcangrejoloco.linkemann.net\/eixample\/wp-json\/wp\/v2\/pages\/5350\/revisions"}],"predecessor-version":[{"id":5367,"href":"https:\/\/staging-elcangrejoloco.linkemann.net\/eixample\/wp-json\/wp\/v2\/pages\/5350\/revisions\/5367"}],"up":[{"embeddable":true,"href":"https:\/\/staging-elcangrejoloco.linkemann.net\/eixample\/wp-json\/wp\/v2\/pages\/1158"}],"wp:attachment":[{"href":"https:\/\/staging-elcangrejoloco.linkemann.net\/eixample\/wp-json\/wp\/v2\/media?parent=5350"}],"curies":[{"name":"wp","href":"https:\/\/api.w.org\/{rel}","templated":true}]}}