{"id":5336,"date":"2024-03-26T09:45:25","date_gmt":"2024-03-26T09:45:25","guid":{"rendered":"https:\/\/www.elcangrejoloco.com\/?page_id=5336"},"modified":"2024-06-25T14:27:41","modified_gmt":"2024-06-25T14:27:41","slug":"bolsa-de-trabajo","status":"publish","type":"page","link":"https:\/\/staging-elcangrejoloco.linkemann.net\/eixample\/inicio\/bolsa-de-trabajo\/","title":{"rendered":"Bolsa de trabajo"},"content":{"rendered":"\t\t<div data-elementor-type=\"wp-page\" data-elementor-id=\"5336\" class=\"elementor elementor-5336\">\n\t\t\t\t\t\t<section class=\"elementor-section elementor-top-section elementor-element elementor-element-56db604 elementor-section-stretched seccion1 elementor-section-boxed elementor-section-height-default elementor-section-height-default\" data-id=\"56db604\" data-element_type=\"section\" data-e-type=\"section\" data-settings=\"{&quot;stretch_section&quot;:&quot;section-stretched&quot;}\">\n\t\t\t\t\t\t<div class=\"elementor-container elementor-column-gap-no\">\n\t\t\t\t\t<div class=\"elementor-column elementor-col-100 elementor-top-column elementor-element elementor-element-14cd7e3\" data-id=\"14cd7e3\" data-element_type=\"column\" data-e-type=\"column\">\n\t\t\t<div class=\"elementor-widget-wrap\">\n\t\t\t\t\t\t\t<\/div>\n\t\t<\/div>\n\t\t\t\t\t<\/div>\n\t\t<\/section>\n\t\t\t\t<section class=\"elementor-section elementor-top-section elementor-element elementor-element-1e175547 elementor-section-boxed elementor-section-height-default elementor-section-height-default\" data-id=\"1e175547\" data-element_type=\"section\" data-e-type=\"section\" data-settings=\"{&quot;background_background&quot;:&quot;classic&quot;}\">\n\t\t\t\t\t\t<div class=\"elementor-container elementor-column-gap-default\">\n\t\t\t\t\t<div class=\"elementor-column elementor-col-100 elementor-top-column elementor-element elementor-element-13198631\" data-id=\"13198631\" data-element_type=\"column\" data-e-type=\"column\">\n\t\t\t<div class=\"elementor-widget-wrap elementor-element-populated\">\n\t\t\t\t\t\t<div class=\"elementor-element elementor-element-1e0636ad elementor-widget elementor-widget-heading\" data-id=\"1e0636ad\" data-element_type=\"widget\" data-e-type=\"widget\" data-widget_type=\"heading.default\">\n\t\t\t\t<div class=\"elementor-widget-container\">\n\t\t\t\t\t<h3 class=\"elementor-heading-title elementor-size-default\">BOLSA DE TRABAJO<\/h3>\t\t\t\t<\/div>\n\t\t\t\t<\/div>\n\t\t\t\t<div class=\"elementor-element elementor-element-71b4ea87 elementor-widget elementor-widget-text-editor\" data-id=\"71b4ea87\" data-element_type=\"widget\" data-e-type=\"widget\" data-widget_type=\"text-editor.default\">\n\t\t\t\t<div class=\"elementor-widget-container\">\n\t\t\t\t\t\t\t\t\tInscr\u00edbete en nuestra Bolsa de trabajo,\n\nenv\u00edanos tus datos y curr\u00edculo.\t\t\t\t\t\t\t\t<\/div>\n\t\t\t\t<\/div>\n\t\t\t\t\t<\/div>\n\t\t<\/div>\n\t\t\t\t\t<\/div>\n\t\t<\/section>\n\t\t\t\t<section class=\"elementor-section elementor-top-section elementor-element elementor-element-6fbfce77 elementor-section-boxed elementor-section-height-default elementor-section-height-default\" data-id=\"6fbfce77\" data-element_type=\"section\" data-e-type=\"section\">\n\t\t\t\t\t\t<div class=\"elementor-container elementor-column-gap-default\">\n\t\t\t\t\t<div class=\"elementor-column elementor-col-100 elementor-top-column elementor-element elementor-element-735623e3\" data-id=\"735623e3\" data-element_type=\"column\" data-e-type=\"column\">\n\t\t\t<div class=\"elementor-widget-wrap elementor-element-populated\">\n\t\t\t\t\t\t<div class=\"elementor-element elementor-element-383abb57 elementor-widget elementor-widget-html\" data-id=\"383abb57\" data-element_type=\"widget\" data-e-type=\"widget\" data-widget_type=\"html.default\">\n\t\t\t\t<div class=\"elementor-widget-container\">\n\t\t\t\t\t\n<div class=\"wpcf7 no-js\" id=\"wpcf7-f5204-o1\" lang=\"es-ES\" dir=\"ltr\" data-wpcf7-id=\"5204\">\n<div class=\"screen-reader-response\"><p role=\"status\" aria-live=\"polite\" aria-atomic=\"true\"><\/p> <ul><\/ul><\/div>\n<form action=\"\/eixample\/wp-json\/wp\/v2\/pages\/5336#wpcf7-f5204-o1\" method=\"post\" class=\"wpcf7-form init\" aria-label=\"Formulario de contacto\" enctype=\"multipart\/form-data\" novalidate=\"novalidate\" data-status=\"init\">\n<fieldset class=\"hidden-fields-container\"><input type=\"hidden\" name=\"_wpcf7\" value=\"5204\" \/><input type=\"hidden\" name=\"_wpcf7_version\" value=\"6.1.5\" \/><input type=\"hidden\" name=\"_wpcf7_locale\" value=\"es_ES\" \/><input type=\"hidden\" name=\"_wpcf7_unit_tag\" value=\"wpcf7-f5204-o1\" \/><input type=\"hidden\" name=\"_wpcf7_container_post\" value=\"0\" \/><input type=\"hidden\" name=\"_wpcf7_posted_data_hash\" value=\"\" \/><input type=\"hidden\" name=\"_wpcf7_recaptcha_response\" value=\"\" \/>\n<\/fieldset>\n<p><span class=\"wpcf7-form-control-wrap\" data-name=\"your-name\"><input size=\"40\" maxlength=\"400\" class=\"wpcf7-form-control wpcf7-text wpcf7-validates-as-required\" autocomplete=\"name\" aria-required=\"true\" aria-invalid=\"false\" placeholder=\"Nombre y Apellidos...\" value=\"\" type=\"text\" name=\"your-name\" \/><\/span><br \/>\n<span class=\"wpcf7-form-control-wrap\" data-name=\"your-email\"><input size=\"40\" maxlength=\"400\" class=\"wpcf7-form-control wpcf7-email wpcf7-validates-as-required wpcf7-text wpcf7-validates-as-email w50\" autocomplete=\"email\" aria-required=\"true\" aria-invalid=\"false\" placeholder=\"Email\" value=\"\" type=\"email\" name=\"your-email\" \/><\/span><br \/>\n<span class=\"wpcf7-form-control-wrap\" data-name=\"your-tel\"><input size=\"40\" maxlength=\"400\" class=\"wpcf7-form-control wpcf7-text wpcf7-validates-as-required w50\" aria-required=\"true\" aria-invalid=\"false\" placeholder=\"Tel\u00e9fono\" value=\"\" type=\"text\" name=\"your-tel\" \/><\/span><br \/>\n<span class=\"wpcf7-form-control-wrap\" data-name=\"ref\"><input size=\"40\" maxlength=\"400\" class=\"wpcf7-form-control wpcf7-text\" aria-invalid=\"false\" placeholder=\"Num. referencia del empleo\" value=\"\" type=\"text\" name=\"ref\" \/><\/span><br \/>\n<span class=\"wpcf7-form-control-wrap\" data-name=\"your-message\"><textarea cols=\"40\" rows=\"10\" maxlength=\"2000\" class=\"wpcf7-form-control wpcf7-textarea\" aria-invalid=\"false\" placeholder=\"Mensaje...\" name=\"your-message\"><\/textarea><\/span><br \/>\n<span class=\"wpcf7-form-control-wrap\" data-name=\"file1\"><input size=\"40\" class=\"wpcf7-form-control wpcf7-file file-select\" accept=\".pdf\" aria-invalid=\"false\" type=\"file\" name=\"file1\" \/><\/span>\n<\/p>\n<div  class=\"cita-legal\">\n\t<p>En nombre de la empresa tratamos la informaci\u00f3n que nos facilita con el fin de participar en nuestros procesos de selecci\u00f3n de personal. En caso de ser Ud. seleccionado para la siguiente fase le comunicaremos tal decisi\u00f3n. Los datos por Ud. proporcionados se conservar\u00e1n durante un tiempo m\u00e1ximo de 1 a\u00f1o pasado el cual ser\u00e1n eliminados.\n\t<\/p>\n\t<p>A los efectos de lo dispuesto en el Reglamento (UE) 2016\/679 del Parlamento Europeo y del Consejo de 27 de abril de 2016 relativo a la protecci\u00f3n de datos de las personas f\u00edsicas y la Ley Org\u00e1nica 3\/2018, de 5 de diciembre, de Protecci\u00f3n de Datos Personales y Garant\u00eda de los Derechos Digitales, Usted tiene derecho a acceder a sus datos personales, rectificar los datos inexactos o solicitar su supresi\u00f3n. Los datos no se ceder\u00e1n a terceros\n\t<\/p>\n<\/div>\n<p><label><span class=\"wpcf7-form-control-wrap\" data-name=\"acceptance-283\"><span class=\"wpcf7-form-control wpcf7-acceptance\"><span class=\"wpcf7-list-item\"><label><input type=\"checkbox\" name=\"acceptance-283\" value=\"1\" aria-invalid=\"false\" \/><span class=\"wpcf7-list-item-label\">Marcando esta casilla acepta las condiciones referentes al tratamiento de sus datos. Para ver las Pol\u00edticas de Privacidad y Protecci\u00f3n de Datos Personales pulse <a href=\"\/politica-de-privacidad\/\" target=\"_blank\">aqu\u00ed<\/a><\/span><\/label><\/span><\/span><\/span><\/label><br \/>\n<input class=\"wpcf7-form-control wpcf7-submit has-spinner boton1\" type=\"submit\" value=\"Enviar\" \/>\n<\/p><div class=\"wpcf7-response-output\" aria-hidden=\"true\"><\/div>\n<\/form>\n<\/div>\n\t\t\t\t<\/div>\n\t\t\t\t<\/div>\n\t\t\t\t\t<\/div>\n\t\t<\/div>\n\t\t\t\t\t<\/div>\n\t\t<\/section>\n\t\t\t\t<\/div>\n\t\t","protected":false},"excerpt":{"rendered":"<p>BOLSA DE TRABAJO Inscr\u00edbete en nuestra Bolsa de trabajo, env\u00edanos tus datos y curr\u00edculo.<\/p>\n","protected":false},"author":1,"featured_media":0,"parent":22,"menu_order":6,"comment_status":"closed","ping_status":"closed","template":"elementor_header_footer","meta":{"footnotes":""},"class_list":["post-5336","page","type-page","status-publish","hentry","entry"],"_links":{"self":[{"href":"https:\/\/staging-elcangrejoloco.linkemann.net\/eixample\/wp-json\/wp\/v2\/pages\/5336","targetHints":{"allow":["GET"]}}],"collection":[{"href":"https:\/\/staging-elcangrejoloco.linkemann.net\/eixample\/wp-json\/wp\/v2\/pages"}],"about":[{"href":"https:\/\/staging-elcangrejoloco.linkemann.net\/eixample\/wp-json\/wp\/v2\/types\/page"}],"author":[{"embeddable":true,"href":"https:\/\/staging-elcangrejoloco.linkemann.net\/eixample\/wp-json\/wp\/v2\/users\/1"}],"replies":[{"embeddable":true,"href":"https:\/\/staging-elcangrejoloco.linkemann.net\/eixample\/wp-json\/wp\/v2\/comments?post=5336"}],"version-history":[{"count":10,"href":"https:\/\/staging-elcangrejoloco.linkemann.net\/eixample\/wp-json\/wp\/v2\/pages\/5336\/revisions"}],"predecessor-version":[{"id":5364,"href":"https:\/\/staging-elcangrejoloco.linkemann.net\/eixample\/wp-json\/wp\/v2\/pages\/5336\/revisions\/5364"}],"up":[{"embeddable":true,"href":"https:\/\/staging-elcangrejoloco.linkemann.net\/eixample\/wp-json\/wp\/v2\/pages\/22"}],"wp:attachment":[{"href":"https:\/\/staging-elcangrejoloco.linkemann.net\/eixample\/wp-json\/wp\/v2\/media?parent=5336"}],"curies":[{"name":"wp","href":"https:\/\/api.w.org\/{rel}","templated":true}]}}